{"id":155933,"date":"2026-04-17T12:33:09","date_gmt":"2026-04-17T12:33:09","guid":{"rendered":"https:\/\/ricovape.com\/product\/bang-leader-110k-110-000-zuge-6-geschmackswechselmodi-led-bildschirm-intelligenter-bulk-einweg-vaporizer\/"},"modified":"2026-04-19T19:34:26","modified_gmt":"2026-04-19T19:34:26","slug":"bang-leader-110k-110000","status":"publish","type":"product","link":"https:\/\/ricovape.com\/de\/produkt\/bang-leader-110k-110000\/","title":{"rendered":"Bang Leader 110K | 110.000 Z\u00fcge, 6 Geschmackswechselmodi, LED-Bildschirm, intelligenter Bulk-Einweg-Vaporizer"},"content":{"rendered":"<h2>Bang Leader 110K Puffs | 6 Geschmacksmodi, intelligenter Einweg-Vaporizer mit LED-Bildschirm<\/h2>\n<h3>Warum sollten Sie sich f\u00fcr Bang Leader 110K Puffs entscheiden?<\/h3>\n<ul>\n<li>\ud83d\udd25 <strong>Enorme Kapazit\u00e4t von 110.000 Z\u00fcgen<\/strong> \u2013 Einer der langlebigsten Einwegartikel auf dem Markt.<\/li>\n<li>\ud83c\udf08 <strong>6 Geschmacksmodi<\/strong> \u2013 Wechseln Sie zwischen A, B, C, A+B, A+C und B+C f\u00fcr endlose Kombinationen.<\/li>\n<li>\u26a1 <strong>Triple Mesh Coil System<\/strong> \u2013 Sorgt f\u00fcr gleichm\u00e4\u00dfigen Dampf und satten, kr\u00e4ftigen Geschmack.<\/li>\n<li>\ud83d\udd0b <strong>850-mAh-Akku<\/strong> \u2013 Langanhaltende Leistung mit Type-C-Schnellladung.<\/li>\n<li>\ud83d\udc8e <strong>LED-Smart-Display<\/strong> \u2013 Zeigt deutlich die Anzahl der Z\u00fcge, die Akkulaufzeit und den Geschmacksmodus an.<\/li>\n<li>\ud83e\uddc3 <strong>3 \u00d6ltanks<\/strong> \u2013 Sanfter Geschmacks\u00fcbergang ohne Kreuzkontamination.<\/li>\n<li>\ud83d\udecd\ufe0f <strong>Einzelhandelstauglich und Gro\u00dfhandelsfreundlich<\/strong> \u2013 Ideal f\u00fcr Einzelk\u00e4ufer oder Vape-Shop-Besitzer.<\/li>\n<\/ul>\n<h3>Spezifikationen<\/h3>\n<table cellpadding=\"6\">\n<tbody>\n<tr>\n<td><strong>Nikotinst\u00e4rke<\/strong><\/td>\n<td>2 % \/ 3 % \/ 5 %<\/td>\n<\/tr>\n<tr>\n<td><strong>Puffanzahl<\/strong><\/td>\n<td>Bis zu 110.000 Z\u00fcge<\/td>\n<\/tr>\n<tr>\n<td><strong>Geschmacksmodi<\/strong><\/td>\n<td>A, B, C, A+B, A+C, B+C<\/td>\n<\/tr>\n<tr>\n<td><strong>\u00d6ltank<\/strong><\/td>\n<td>3 unabh\u00e4ngige Panzer<\/td>\n<\/tr>\n<tr>\n<td><strong>Batterie<\/strong><\/td>\n<td>850mAh wiederaufladbar<\/td>\n<\/tr>\n<tr>\n<td><strong>Spule<\/strong><\/td>\n<td>Triple-Mesh-Spule<\/td>\n<\/tr>\n<tr>\n<td><strong>Anzeige<\/strong><\/td>\n<td>LED-Smart-Screen<\/td>\n<\/tr>\n<tr>\n<td><strong>Ladeanschluss<\/strong><\/td>\n<td>Type-C<\/td>\n<\/tr>\n<tr>\n<td><strong>Verpackung<\/strong><\/td>\n<td>10 St\u00fcck pro Packung<\/td>\n<\/tr>\n<\/tbody>\n<\/table>\n<h3>Geschmackskombinationen \ud83c\udf53\ud83c\udf47\ud83c\udf4d<\/h3>\n<p>Jeder Bang Leader 110K Puffs bietet erstklassige Dreifach-Geschmackskombinationen f\u00fcr jeden Geschmack:<\/p>\n<ul>\n<li>\ud83c\udf49 <strong>Wassermelonen-Eis &amp; Erdbeer-Mamba &amp; Erdbeer-Wassermelone<\/strong> \u2013 Ein s\u00fc\u00dfer, eisiger Frischekick.<\/li>\n<li>\ud83c\udf4f <strong>Fuji Ice &amp; Apple Grape &amp; Cherry Pomegranate<\/strong> \u2013 Knackige Apfelt\u00f6ne mit w\u00fcrzigen Fruchtschichten.<\/li>\n<li>\ud83e\uded0 <strong>Blaubeereis &amp; Himbeer-Zitrone &amp; Wassermelonen-Kaugummi<\/strong> \u2013 Perfekte Mischung aus fruchtigen und s\u00fc\u00dfen Noten.<\/li>\n<li>\ud83c\udf4a <strong>Blaubeeren, Himbeeren und saure Ananas, Orangen und Himbeeren, Wassermelonen<\/strong> \u2013 Lebendige tropische Mischung.<\/li>\n<li>\ud83c\udf47 <strong>Traubeneis &amp; Mango-Pfirsich &amp; Blaubeer-Wassermelone<\/strong> \u2013 Exotisches und saftiges Trio f\u00fcr ganzt\u00e4gigen Genuss.<\/li>\n<li>\ud83c\udf53 <strong>Erdbeereis &amp; Pfirsich-Zitrone &amp; Kiwi-Passionsfrucht-Guave<\/strong> \u2013 S\u00fc\u00dfe, s\u00e4uerliche und tropische Harmonie.<\/li>\n<li>\ud83e\udd65 <strong>Pineapple Coconut &amp; Blueberry Red Bull &amp; Watermelon Ice<\/strong> \u2013 Energiegeladene tropische K\u00e4lte.<\/li>\n<li>\ud83c\udf52 <strong>Erdbeer-Kiwi &amp; Heidelbeer-Kokosnuss &amp; gemischte Beeren<\/strong> \u2013 Klassische Fruchtmischung mit cremigen Noten.<\/li>\n<li>\ud83c\udf4b <strong>Lemon Romance &amp; Blueberry Raspberry &amp; Peach Menthol<\/strong> \u2013 Erfrischende und aromatische Kombination.<\/li>\n<li>\ud83c\udf51 <strong>Pfirsich-Eis &amp; schwarze Johannisbeer-Ananas-Eis &amp; gr\u00fcne Apfel-Kiwi<\/strong> \u2013 Eisig-s\u00fc\u00dfe Explosion geschichteter Fr\u00fcchte.<\/li>\n<\/ul>\n<h3>Perfekt f\u00fcr<\/h3>\n<p>\u2705 Vielnutzer, die eine extrem lang anhaltende Leistung w\u00fcnschen.<br \/>\n\u2705 Geschmacksj\u00e4ger auf der Suche nach Abwechslung und Intensit\u00e4t.<br \/>\n\u2705 Vape-Shop-Besitzer und Gro\u00dfh\u00e4ndler auf der Suche nach auff\u00e4lligen, margenstarken Produkten.<br \/>\n\u2705 Einzelh\u00e4ndler in ganz Europa \u2013 insbesondere in Deutschland, Frankreich, Spanien und Italien.<\/p>\n<h3>FAQ \ud83e\udd14<\/h3>\n<p><strong>F1: Wie lange h\u00e4lt Bang Leader 110K?<\/strong><br \/>\nA: Jedes Ger\u00e4t bietet bis zu 110.000 Z\u00fcge, abh\u00e4ngig von der Nutzungsart und der Dauer des Spr\u00fchsto\u00dfes.<\/p>\n<p><strong>F2: Ist es wiederaufladbar?<\/strong><br \/>\nA: Ja! Es enth\u00e4lt einen <strong>850-mAh-Type-C-Akku<\/strong> f\u00fcr schnelles Aufladen und l\u00e4ngere Nutzung.<\/p>\n<p><strong>F3: Kann ich die Geschmacksrichtungen einfach wechseln?<\/strong><br \/>\nA: Absolut. Sie k\u00f6nnen \u00fcber das intelligente System zwischen <strong>6 Geschmacksmodi<\/strong> umschalten \u2013 einfach, doppelt oder dreifach.<\/p>\n<p><strong>F4: Ist es f\u00fcr Anf\u00e4nger geeignet?<\/strong><br \/>\nA: Ja, es ist durch Zeichnen aktiviert und einfach zu bedienen. Einfach auspacken, ziehen und genie\u00dfen.<\/p>\n<p>\u00a0<\/p>\n<p><strong>Bang Leader 110K Puffs<\/strong> gilt als eines der fortschrittlichsten Einweg-Vape-Ger\u00e4te auf dem europ\u00e4ischen Markt \u2013 es vereint Haltbarkeit, Vielseitigkeit und un\u00fcbertroffene Geschmacksoptionen. Egal, ob Sie ein <strong>Geschmacksj\u00e4ger<\/strong>, ein <strong>starker Dampfer<\/strong> oder ein <strong>Gro\u00dfh\u00e4ndler<\/strong> sind, der sein Sortiment erweitern m\u00f6chte, dieses Ger\u00e4t wird Sie beeindrucken. \ud83d\udca8\ud83d\udc8e<\/p>\n","protected":false},"excerpt":{"rendered":"<p>\ud83d\udca8 Erleben Sie die n\u00e4chste Stufe des Einwegdampfens mit dem <strong>Bang Leader 110K Puffs<\/strong> \u2013 einem leistungsstarken Ger\u00e4t mit <strong>Triple-Mesh-Spulen<\/strong>, <strong>6 einzigartigen Geschmacksmodi<\/strong> und bis zu <strong>110.000 Z\u00fcgen<\/strong> sanfter Zufriedenheit. Perfekt f\u00fcr E-Zigaretten-Enthusiasten, Einzelh\u00e4ndler und Distributoren in ganz Europa.<\/p>\n","protected":false},"featured_media":6348,"comment_status":"open","ping_status":"closed","template":"","meta":[],"product_brand":[],"product_cat":[755,345,1360,1435,1541,1594,1400],"product_tag":[4537,4538,4539,4540,4541],"class_list":{"0":"post-155933","1":"product","2":"type-product","3":"status-publish","4":"has-post-thumbnail","6":"product_cat-100k-puffs-einweg-vaporizer","7":"product_cat-bang","8":"product_cat-einweg-vapes-in-deutschland","9":"product_cat-einweg-vapes-in-italien","10":"product_cat-einweg-vapes-in-polen","11":"product_cat-einweg-vapes-in-spanien","12":"product_cat-einweg-vapes-in-ungarn","13":"product_tag-6-flavor-mode-disposable-vape","14":"product_tag-bang-leader-smart-led-disposable-vape","15":"product_tag-disposable-vape-110k-puffs","16":"product_tag-high-capacity-rechargeable-disposable-vape","17":"product_tag-triple-mesh-coil-disposable-vape","19":"first","20":"instock","21":"shipping-taxable","22":"purchasable","23":"product-type-variable","24":"has-default-attributes"},"jetpack_sharing_enabled":true,"tiered_pricing_type":"fixed","tiered_pricing_fixed_rules":{"30":9.4000000000000003552713678800500929355621337890625,"50":7.5800000000000000710542735760100185871124267578125,"100":6.94000000000000039079850466805510222911834716796875,"200":6.4199999999999999289457264239899814128875732421875,"400":5.769999999999999573674358543939888477325439453125},"tiered_pricing_product_settings":{"layout":"default","base_unit_name":{"singular":null,"plural":null},"default_variation":null},"tiered_pricing_minimum_quantity":10,"tiered_pricing_roles_data":[],"tiered_pricing_percentage_rules":[],"tiered_pricing_maximum_quantity":null,"tiered_pricing_quantity_step":"10","_links":{"self":[{"href":"https:\/\/ricovape.com\/de\/wp-json\/wp\/v2\/product\/155933","targetHints":{"allow":["GET"]}}],"collection":[{"href":"https:\/\/ricovape.com\/de\/wp-json\/wp\/v2\/product"}],"about":[{"href":"https:\/\/ricovape.com\/de\/wp-json\/wp\/v2\/types\/product"}],"replies":[{"embeddable":true,"href":"https:\/\/ricovape.com\/de\/wp-json\/wp\/v2\/comments?post=155933"}],"wp:featuredmedia":[{"embeddable":true,"href":"https:\/\/ricovape.com\/de\/wp-json\/wp\/v2\/media\/6348"}],"wp:attachment":[{"href":"https:\/\/ricovape.com\/de\/wp-json\/wp\/v2\/media?parent=155933"}],"wp:term":[{"taxonomy":"product_brand","embeddable":true,"href":"https:\/\/ricovape.com\/de\/wp-json\/wp\/v2\/product_brand?post=155933"},{"taxonomy":"product_cat","embeddable":true,"href":"https:\/\/ricovape.com\/de\/wp-json\/wp\/v2\/product_cat?post=155933"},{"taxonomy":"product_tag","embeddable":true,"href":"https:\/\/ricovape.com\/de\/wp-json\/wp\/v2\/product_tag?post=155933"}],"curies":[{"name":"wp","href":"https:\/\/api.w.org\/{rel}","templated":true}]}}