{"id":12763,"date":"2026-03-12T04:24:35","date_gmt":"2026-03-12T04:24:35","guid":{"rendered":"https:\/\/stage.jrfer.com\/product\/bang-box-160k-4-in-1-160-000-zuge-quad-geschmack-10-%cf%89-mesh-spule-lcd-display-0-5-nikotin-wiederaufladbarer-massen-einweg-vaporizer\/"},"modified":"2026-04-07T08:48:48","modified_gmt":"2026-04-07T08:48:48","slug":"bang-box-160k-4-in-1-160000-puffs-quad-flavor-1-0%cf%89-mesh-coil-lcd-display-0-5-nicotine-rechargeable-bulk-disposable-vape","status":"publish","type":"product","link":"https:\/\/ricovape.com\/de\/produkt\/bang-box-160k-4-in-1-160000-puffs-quad-flavor-1-0%cf%89-mesh-coil-lcd-display-0-5-nicotine-rechargeable-bulk-disposable-vape\/","title":{"rendered":"Bang Box 160K | 4-in-1 160.000 Z\u00fcge, Quad-Geschmack, 1,0-\u03a9-Mesh-Spule, LCD-Display, 0\u20135 % Nikotin, wiederaufladbarer Massen-Einweg-Vaporizer"},"content":{"rendered":"<h3>\ud83d\udd25 \u00dcbersicht \u00fcber Bang Box 160K 4-in-1-Einweg-Vaporizer<\/h3>\n<p>Lernen Sie den <strong>Bang Box 160K 4-in-1-Einweg-Vaporizer<\/strong> kennen \u2013 ein leistungsstarkes Ger\u00e4t, das f\u00fcr extreme Langlebigkeit, kr\u00e4ftige Geschmacksleistung und kommerzielle Attraktivit\u00e4t entwickelt wurde. Dieses Einwegger\u00e4t mit hoher Kapazit\u00e4t wurde f\u00fcr <strong>vier Geschmacksrichtungen in einem Ger\u00e4t<\/strong> entwickelt und liefert bis zu <strong>160.000 Z\u00fcge<\/strong> mit gleichm\u00e4\u00dfiger Ausgabe und gleichm\u00e4\u00dfiger Dampfproduktion.<\/p>\n<p>Ausgestattet mit einer <strong>1,0-\u03a9-Mesh-Spule<\/strong>, einem <strong>LCD-Display<\/strong> und einem <strong>wiederaufladbaren Typ-C-Akku mit 650 mAh<\/strong> kombiniert Bang Box 160K modernste Technologie mit Geschmacksvielfalt. Perfekt f\u00fcr Vielnutzer, Vape-Shops, H\u00e4ndler und Gro\u00dfabnehmer, die ein Premium-Produkt mit hoher Marge suchen. \ud83d\udca8\u26a1<\/p>\n<h3>\u2699\ufe0f Bang Box 160K 4-in-1-Spezifikationen<\/h3>\n<tbody>\n<tr>\n<td><strong>Ger\u00e4tename<\/strong><\/td>\n<td>Bang Box 160K 4-in-1-Einweg-Vaporizer<\/td>\n<\/tr>\n<tr>\n<td><strong>Puffanzahl<\/strong><\/td>\n<td>Bis zu 160.000 Z\u00fcge<\/td>\n<\/tr>\n<tr>\n<td><strong>Geschmackssystem<\/strong><\/td>\n<td>4 Geschmacksrichtungen in einem Ger\u00e4t<\/td>\n<\/tr>\n<tr>\n<td><strong>Nikotinst\u00e4rke<\/strong><\/td>\n<td>0 % \/ 2 % \/ 3 % \/ 5 %<\/td>\n<\/tr>\n<tr>\n<td><strong>Batteriekapazit\u00e4t<\/strong><\/td>\n<td>650 mAh wiederaufladbar<\/td>\n<\/tr>\n<tr>\n<td><strong>Ladeanschluss<\/strong><\/td>\n<td>Typ-C<\/td>\n<\/tr>\n<tr>\n<td><strong>Spulentyp<\/strong><\/td>\n<td>1,0-\u03a9-Mesh-Spule<\/td>\n<\/tr>\n<tr>\n<td><strong>Anzeige<\/strong><\/td>\n<td>LCD-Bildschirm<\/td>\n<\/tr>\n<tr>\n<td><strong>Geschmacksoptionen<\/strong><\/td>\n<td>10 Quad-Geschmacks-Editionen<\/td>\n<\/tr>\n<\/tbody>\n<\/table>\n<h3>\ud83c\udf53 Bang Box 160K 4-in-1-Geschmackskombinationen (4-in-1-Editionen)<\/h3>\n<tbody>\n<tr>\n<td><strong>Ausgabe<\/strong><\/td>\n<td><strong>Geschmack 1<\/strong><\/td>\n<td><strong>Geschmack 2<\/strong><\/td>\n<td><strong>Geschmack 3<\/strong><\/td>\n<td><strong>Geschmack 4<\/strong><\/td>\n<\/tr>\n<tr>\n<td>01<\/td>\n<td>Kirsch-Preiselbeere<\/td>\n<td>Dreifachbeere<\/td>\n<td>Erdbeer-Pitaya<\/td>\n<td>Wassermelonen-Kaugummi<\/td>\n<\/tr>\n<tr>\n<td>02<\/td>\n<td>Traubeneis<\/td>\n<td>Litschi-Eis<\/td>\n<td>Pfirsichbeere<\/td>\n<td>Kiwi-Passionsfrucht-Guave<\/td>\n<\/tr>\n<tr>\n<td>03<\/td>\n<td>Zitronenlimette<\/td>\n<td>Erdbeereis<\/td>\n<td>Himbeer-Wassermelone<\/td>\n<td>Mango-Pfirsich<\/td>\n<\/tr>\n<tr>\n<td>04<\/td>\n<td>Zitronenlimette<\/td>\n<td>Wassermeloneneis<\/td>\n<td>Schwarze Eisdrachenfrucht-Erdbeere<\/td>\n<td>Liebe66<\/td>\n<\/tr>\n<tr>\n<td>05<\/td>\n<td>Erdbeer-Wassermelone<\/td>\n<td>Rosa Limonade<\/td>\n<td>Dreifacher Honigtau<\/td>\n<td>Schwarzes Dracheneis<\/td>\n<\/tr>\n<tr>\n<td>06<\/td>\n<td>Saure Mango-Ananas<\/td>\n<td>Zitronen-Cola-Soda<\/td>\n<td>Pfirsichbeere<\/td>\n<td>Erdbeer-Banane<\/td>\n<\/tr>\n<tr>\n<td>07<\/td>\n<td>Erdbeer-Mango<\/td>\n<td>Erdbeer-Vanille-Cola<\/td>\n<td>Blaues Razz-Eis<\/td>\n<td>Erdbeer-Kiwi<\/td>\n<\/tr>\n<tr>\n<td>08<\/td>\n<td>Erdbeer-Wassermelone<\/td>\n<td>Red Bull<\/td>\n<td>Saftiges Pfirsicheis<\/td>\n<td>Grapefruit-Auffrischung<\/td>\n<\/tr>\n<tr>\n<td>09<\/td>\n<td>Vanille-Cola<\/td>\n<td>Zitronenpfirsich<\/td>\n<td>Erdbeer-Himbeer-Kirsch-Eis<\/td>\n<td>Traubeneis<\/td>\n<\/tr>\n<tr>\n<td>10<\/td>\n<td>Wassermeloneneis<\/td>\n<td>Erdbeer-Mango<\/td>\n<td>Blaubeereis<\/td>\n<td>Sprudelnde Kirsche<\/td>\n<\/tr>\n<\/tbody>\n<\/table>\n<h3>\ud83d\udc8e Warum Bang Box 160K w\u00e4hlen?<\/h3>\n<ul>\n<li>\ud83d\udd25 Riesige Kapazit\u00e4t von <strong>160.000 Z\u00fcgen<\/strong> f\u00fcr den Langzeitgebrauch<\/li>\n<li>\ud83c\udfaf 4-in-1-Multigeschmacksumschaltung f\u00fcr maximale Vielfalt<\/li>\n<li>\u26a1 Wiederaufladbarer 650-mAh-Akku mit Typ-C-Schnellladung<\/li>\n<li>\ud83d\udcca Intelligentes LCD-Display zur Batterie- und Nutzungs\u00fcberwachung<\/li>\n<li>\ud83d\udca8 1,0-\u03a9-Mesh-Spule f\u00fcr gleichm\u00e4\u00dfige, dichte Dampfproduktion<\/li>\n<li>\ud83d\udce6 Ideal f\u00fcr den Gro\u00dfhandelsvertrieb und den margenstarken Einzelhandelsverkauf<\/li>\n<li>\ud83c\udf0d Mehrere Nikotinoptionen, um der Marktnachfrage gerecht zu werden<\/li>\n<\/ul>\n<h3>\ud83d\ude80 Perfekt f\u00fcr Einzel- und Gro\u00dfhandelsk\u00e4ufer<\/h3>\n<p>The Bang Box 160K is built for <strong>heavy users<\/strong> who demand endurance, <strong>flavor chasers<\/strong> who crave variety, and <strong>vape shops &amp; distributors<\/strong> seeking a premium high-capacity device that stands out on shelves. Sein Vier-Geschmack-System, seine lange Lebensdauer und sein modernes LCD-Display machen es zu einer leistungsstarken Erg\u00e4nzung f\u00fcr jedes Gro\u00dfinventar.<\/p>\n<p>If you&#8217;re targeting high-volume disposable vape customers or expanding your wholesale catalog with a next-level device, the Bang Box 160K 4-in-1 is engineered to drive repeat sales and strong profit margins. \ud83d\udcbc\ud83d\udca8<\/p>\n<h3>\u2753 FAQ<\/h3>\n<p><strong>F1: Wie lange h\u00e4lt die Bang Box 160K?<\/strong><br \/>\nAbh\u00e4ngig von den Nutzungsgewohnheiten und der Auswahl der Nikotinst\u00e4rke werden bis zu 160.000 Z\u00fcge abgegeben.<\/p>\n<p><strong>F2: Ist das Ger\u00e4t wiederaufladbar?<\/strong><br \/>\nJa. Es verf\u00fcgt \u00fcber einen wiederaufladbaren 650-mAh-Akku mit Typ-C-Ladeunterst\u00fctzung.<\/p>\n<p><strong>F3: K\u00f6nnen Benutzer zwischen Geschmacksrichtungen wechseln?<\/strong><br \/>\nJa. Jedes Ger\u00e4t umfasst vier integrierte Geschmacksrichtungen in einer Einheit.<\/p>\n<p><strong>F4: Welche Nikotinst\u00e4rken sind verf\u00fcgbar?<\/strong><br \/>\nErh\u00e4ltlich in den Varianten 0 %, 2 %, 3 % und 5 % Nikotin.<\/p>\n<p><strong>F5: Ist dies f\u00fcr Gro\u00dfhandelsbestellungen geeignet?<\/strong><br \/>\nAbsolut. Die Bang Box 160K ist f\u00fcr Gro\u00dfabnehmer, H\u00e4ndler und E-Zigaretten-Einzelh\u00e4ndler konzipiert, die nach Einwegger\u00e4ten mit hoher Kapazit\u00e4t und hoher Nachfrage suchen.<\/p>\n","protected":false},"excerpt":{"rendered":"<p>Bang Box 160K 4-in-1-Einweg-Vaporizer liefert 160.000 Z\u00fcge, vier Geschmacksrichtungen, Mesh-Spulenleistung und wiederaufladbaren Komfort f\u00fcr Einzel- und Gro\u00dfhandelsk\u00e4ufer.<\/p>\n","protected":false},"featured_media":6994,"comment_status":"open","ping_status":"closed","template":"","meta":[],"product_brand":[],"product_cat":[414,651,345],"product_tag":[1173,1207,1238,1201],"class_list":{"0":"post-12763","1":"product","2":"type-product","3":"status-publish","4":"has-post-thumbnail","6":"product_cat-15000-zuge-einweg-vape","7":"product_cat-16000-zuge-einweg-vape","8":"product_cat-bang","9":"product_tag-160-000-zuge-einweg-vaporizer","10":"product_tag-4-in-1-geschmacks-vaporizer","11":"product_tag-hochleistungs-mesh-coil-vaporizer","12":"product_tag-wiederaufladbarer-massen-einweg-vaporizer","14":"first","15":"instock","16":"shipping-taxable","17":"purchasable","18":"product-type-variable","19":"has-default-attributes"},"jetpack_sharing_enabled":true,"tiered_pricing_type":"fixed","tiered_pricing_fixed_rules":{"30":9.4000000000000003552713678800500929355621337890625,"50":7.839999999999999857891452847979962825775146484375,"100":7.32000000000000028421709430404007434844970703125,"200":6.79999999999999982236431605997495353221893310546875,"400":6.160000000000000142108547152020037174224853515625},"tiered_pricing_product_settings":{"layout":"default","base_unit_name":{"singular":null,"plural":null},"default_variation":null},"tiered_pricing_minimum_quantity":10,"tiered_pricing_roles_data":[],"tiered_pricing_percentage_rules":[],"tiered_pricing_maximum_quantity":null,"tiered_pricing_quantity_step":"10","_links":{"self":[{"href":"https:\/\/ricovape.com\/de\/wp-json\/wp\/v2\/product\/12763","targetHints":{"allow":["GET"]}}],"collection":[{"href":"https:\/\/ricovape.com\/de\/wp-json\/wp\/v2\/product"}],"about":[{"href":"https:\/\/ricovape.com\/de\/wp-json\/wp\/v2\/types\/product"}],"replies":[{"embeddable":true,"href":"https:\/\/ricovape.com\/de\/wp-json\/wp\/v2\/comments?post=12763"}],"wp:featuredmedia":[{"embeddable":true,"href":"https:\/\/ricovape.com\/de\/wp-json\/wp\/v2\/media\/6994"}],"wp:attachment":[{"href":"https:\/\/ricovape.com\/de\/wp-json\/wp\/v2\/media?parent=12763"}],"wp:term":[{"taxonomy":"product_brand","embeddable":true,"href":"https:\/\/ricovape.com\/de\/wp-json\/wp\/v2\/product_brand?post=12763"},{"taxonomy":"product_cat","embeddable":true,"href":"https:\/\/ricovape.com\/de\/wp-json\/wp\/v2\/product_cat?post=12763"},{"taxonomy":"product_tag","embeddable":true,"href":"https:\/\/ricovape.com\/de\/wp-json\/wp\/v2\/product_tag?post=12763"}],"curies":[{"name":"wp","href":"https:\/\/api.w.org\/{rel}","templated":true}]}}