{"id":11262,"date":"2026-03-12T04:24:35","date_gmt":"2026-03-12T04:24:35","guid":{"rendered":"https:\/\/stage.jrfer.com\/product\/fihp-90k-3-in-1-90-000-zuge-42-ml-dreifacher-geschmack-led-bildschirm-einweg-vaporizer\/"},"modified":"2026-04-07T08:36:37","modified_gmt":"2026-04-07T08:36:37","slug":"fihp-90k-3-in-1-90000-puffs-42ml-triple-flavor-led-screen-disposable-vape","status":"publish","type":"product","link":"https:\/\/ricovape.com\/de\/produkt\/fihp-90k-3-in-1-90000-puffs-42ml-triple-flavor-led-screen-disposable-vape\/","title":{"rendered":"FIHP 90K 3-in-1 | 90.000 Z\u00fcge, 42 ml, dreifacher Geschmack, LED-Bildschirm, Einweg-Vaporizer"},"content":{"rendered":"<p><!-- Kurze SEO-Beschreibung --><\/p>\n<h2>FIHP 90000 3-in-1 90.000 Z\u00fcge | wiederaufladbarer Einweg-Vaporizer mit drei Geschmacksrichtungen und LED-Bildschirm<\/h2>\n<p>\ud83d\udd25 <strong>Dreifache Geschmackskraft. Massive 90K-Leistung. Intelligente LED-Steuerung.<\/strong> \ud83d\udd25<\/p>\n<p><strong>FIHP 90000 90K Puffs Einweg-Vaporizer<\/strong> wurde f\u00fcr ernsthafte Dampfer entwickelt, die extreme Langlebigkeit, kr\u00e4ftige Geschmacksabgabe und intelligente Benutzerfreundlichkeit verlangen. Ausgestattet mit einem innovativen <strong>3-in-1-Dreifach-Geschmackssystem<\/strong>, integriert dieses Ger\u00e4t drei Premium-Geschmacksrichtungen in einem leistungsstarken Ger\u00e4t mit einer riesigen <strong>42 ml E-Liquid-Kapazit\u00e4t<\/strong>.<\/p>\n<p>Entwickelt f\u00fcr Vielnutzer und Gro\u00dfm\u00e4rkte, gibt es bis zu <strong>90.000 Z\u00fcge<\/strong> ab und sorgt dabei vom ersten bis zum letzten Zug f\u00fcr einen gleichm\u00e4\u00dfigen, gleichm\u00e4\u00dfigen Dampf. Ausgestattet mit einer <strong>0,9-\u03a9-Dual-Mesh-Spule<\/strong> und einem <strong>650-mAh-Akku<\/strong> mit Typ-C-Schnellladung sorgt dieser fortschrittliche Einwegartikel jederzeit f\u00fcr dichte Wolken und \u00fcberragende Geschmacksklarheit.<\/p>\n<h3>FIHP 90K \u2013 \u00dcbersicht und Funktionen<\/h3>\n<p>\u2022 Bis zu 90.000 Z\u00fcge, extrem lange Leistung<br \/>\n\u2022 3-in-1-Dreifach-Geschmackssystem (42 ml Gesamtkapazit\u00e4t)<br \/>\n\u2022 0,9-\u03a9-Dual-Mesh-Spule f\u00fcr verbesserte Dampfdichte<br \/>\n\u2022 650-mAh-Akku<br \/>\n\u2022 Typ-C-Schnellladeunterst\u00fctzung<br \/>\n\u2022 Intelligenter LED-Bildschirm mit Echtzeit-Batterieprozentsatz<br \/>\n\u2022 Erh\u00e4ltlich in den Nikotinst\u00e4rken 2 % und 5 %<br \/>\n\u2022 10 erstklassige Geschmackskombinationen<br \/>\n\u2022 10 St\u00fcck pro Karton \u2013 Gro\u00dfhandelsfreundliche Verpackung<\/p>\n<h3>FIHP 90K-Spezifikationen<\/h3>\n<tbody>\n<tr>\n<th>Funktion<\/th>\n<th>Details<\/th>\n<\/tr>\n<tr>\n<td>Puffanzahl<\/td>\n<td>Bis zu 90.000 Z\u00fcge<\/td>\n<\/tr>\n<tr>\n<td>E-Liquid-Kapazit\u00e4t<\/td>\n<td>42 ml (Triple Flavour System)<\/td>\n<\/tr>\n<tr>\n<td>Spule<\/td>\n<td>0,9 \u03a9 Dual-Mesh-Spule<\/td>\n<\/tr>\n<tr>\n<td>Batterie<\/td>\n<td>650 mAh wiederaufladbar<\/td>\n<\/tr>\n<tr>\n<td>Aufladen<\/td>\n<td>Typ-C-Schnellladung<\/td>\n<\/tr>\n<tr>\n<td>Anzeige<\/td>\n<td>Intelligente LED (Echtzeitbatterie %)<\/td>\n<\/tr>\n<tr>\n<td>Nikotinst\u00e4rke<\/td>\n<td>2 % \/ 5 %<\/td>\n<\/tr>\n<tr>\n<td>Verpackung<\/td>\n<td>10 St\u00fcck pro Karton<\/td>\n<\/tr>\n<\/tbody>\n<\/table>\n<h3>FIHP 90K Geschmackskombinationen (3-in-1-System)<\/h3>\n<tbody>\n<tr>\n<th>Geschmackskombination<\/th>\n<th>Dreifachmischung<\/th>\n<\/tr>\n<tr>\n<td>Kombination 1<\/td>\n<td>Sprudelnde Kirsche | Lady Killer | Gummib\u00e4rchen<\/td>\n<\/tr>\n<tr>\n<td>Kombination 2<\/td>\n<td>Blaubeer-Himbeere | Liebe 666 | Pfirsicheis<\/td>\n<\/tr>\n<tr>\n<td>Kombination 3<\/td>\n<td>Himbeer-Wassermelone | Gemischte Beeren | Mango-Pfirsich<\/td>\n<\/tr>\n<tr>\n<td>Kombination 4<\/td>\n<td>Blue Razz Limonade | Erdbeer-Himbeere | Regenbogens\u00fc\u00dfigkeit<\/td>\n<\/tr>\n<tr>\n<td>Kombination 5<\/td>\n<td>Wassermelonen-Kaugummi | Traubeneis | Schwarzes Dracheneis<\/td>\n<\/tr>\n<tr>\n<td>Kombination 6<\/td>\n<td>Ananas-Kokosnuss | Gemischte Fr\u00fcchte | Zitronenpfirsich<\/td>\n<\/tr>\n<tr>\n<td>Combo 7<\/td>\n<td>Doppelter Apfel | Erdbeerbanane | Himbeer-Wassermelone<\/td>\n<\/tr>\n<tr>\n<td>Kombination 8<\/td>\n<td>Wassermeloneneis | Red Bull | Erdbeer-Kiwi<\/td>\n<\/tr>\n<tr>\n<td>Combo 9<\/td>\n<td>Blaubeereis | Erdbeer-Wassermelone | Zitronenlimette<\/td>\n<\/tr>\n<tr>\n<td>Kombination 10<\/td>\n<td>Pfirsichbeere | Dreifache Melone | Wassermeloneneis<\/td>\n<\/tr>\n<\/tbody>\n<\/table>\n<h3>FIHP 90K verf\u00fcgbare Geschmacksrichtungen<\/h3>\n<p>Fizzy Cherry &amp; Lady Killer &amp; Gummib\u00e4rchen<br \/>\nBlaubeer-Himbeer &amp; Liebe 666 &amp; Pfirsicheis<br \/>\nHimbeer-Wassermelone &amp; gemischte Beeren &amp; Mango-Pfirsich<br \/>\nBlue Razz Limonade &amp; Erdbeer-Himbeer- &amp; Regenbogenbonbons<br \/>\nWassermelonen-Kaugummi &amp; Traubeneis &amp; Black Dragon Ice<br \/>\nAnanas-Kokosnuss &amp; gemischte Fr\u00fcchte &amp; Zitronenpfirsich<br \/>\nDoppelter Apfel &amp; Erdbeer-Banane &amp; Himbeer-Wassermelone<br \/>\nWassermeloneneis &amp; Red Bull &amp; Erdbeer-Kiwi<br \/>\nBlaubeer-Eis &amp; Erdbeer-Wassermelone &amp; Zitronen-Limette<br \/>\nEis mit Pfirsichbeere, dreifacher Melone und Wassermelone<\/p>\n<h3>Warum sollten Sie sich f\u00fcr FIHP 90000 3-in-1 90K entscheiden?<\/h3>\n<ul>\n<li>\ud83d\ude80 Die extreme Kapazit\u00e4t von 90.000 Z\u00fcgen reduziert die Austauschh\u00e4ufigkeit<\/li>\n<li>\ud83c\udf53 Dreifacher Geschmackswechsel f\u00fcr mehr Vielfalt<\/li>\n<li>\ud83d\udca8 Dual-Mesh-Spule f\u00fcr massive Wolken und satten Geschmack<\/li>\n<li>\ud83d\udd0b Wiederaufladbar mit LED-Batterie\u00fcberwachung<\/li>\n<li>\u26a1 Typ-C-Schnellladekomfort<\/li>\n<li>\ud83d\udce6 Gro\u00dfhandelsfertige Verpackung mit 10 St\u00fcck\/Karton<\/li>\n<li>\ud83c\udfea Ideal f\u00fcr Vape-Shops, H\u00e4ndler und Gro\u00dfabnehmer<\/li>\n<\/ul>\n<p><strong>FIHP 90000 3-in-1-Einweg-Vaporizer<\/strong> ist f\u00fcr Vielnutzer, Geschmacksj\u00e4ger und Gro\u00dfh\u00e4ndler konzipiert, die Ger\u00e4te mit hoher Kapazit\u00e4t und erstklassiger Leistung suchen. Mit dreifacher Geschmacksinnovation, enormer Zugleistung und intelligenter LED-Steuerung ist es eine leistungsstarke Erg\u00e4nzung f\u00fcr jeden Vape-Shop-Bestand oder jedes gro\u00df angelegte Vertriebsportfolio.<\/p>\n<h3>FIHP 90K-FAQ<\/h3>\n<p><strong>F1: Wie lange h\u00e4lt der FIHP 90000?<\/strong><br \/>\nA: Abh\u00e4ngig von den Nutzungsgewohnheiten gibt es bis zu 90.000 Spr\u00fchst\u00f6\u00dfe ab, was die Austauschh\u00e4ufigkeit erheblich reduziert.<\/p>\n<p><strong>F2: Ist das Ger\u00e4t wiederaufladbar?<\/strong><br \/>\nA: Ja, es verf\u00fcgt \u00fcber einen wiederaufladbaren 650-mAh-Akku mit Typ-C-Schnellladung.<\/p>\n<p><strong>F3: K\u00f6nnen Benutzer zwischen Geschmacksrichtungen wechseln?<\/strong><br \/>\nA: Ja, das 3-in-1-System integriert drei Geschmacksrichtungen in einem Ger\u00e4t f\u00fcr ein dynamisches Dampferlebnis.<\/p>\n<p><strong>F4: Welche Nikotinst\u00e4rken sind verf\u00fcgbar?<\/strong><br \/>\nA: Es ist in den Varianten 2 % und 5 % Nikotin erh\u00e4ltlich.<\/p>\n<p><strong>F5: Ist das f\u00fcr den Gro\u00dfhandel geeignet?<\/strong><br \/>\nA: Absolut. Es wird in 10 St\u00fcck pro Packung geliefert und eignet sich daher ideal f\u00fcr Vape-Shops und den Gro\u00dfvertrieb.<\/p>\n","protected":false},"excerpt":{"rendered":"<p><strong>FIHP 90000 3-in-1-Einweg-Vaporizer<\/strong> liefert bis zu 90.000 Z\u00fcge mit drei Geschmacksrichtungen, 42 ml E-Liquid, LED-Bildschirm und wiederaufladbarer Stromversorgung, Dual-Mesh-Spule, massive Wolken, Gro\u00dfhandelsverpackung.<\/p>\n","protected":false},"featured_media":7020,"comment_status":"open","ping_status":"closed","template":"","meta":[],"product_brand":[],"product_cat":[1865],"product_tag":[1370,1411,1451,458,1526,1489,1025,769,1566,611],"class_list":{"0":"post-11262","1":"product","2":"type-product","3":"status-publish","4":"has-post-thumbnail","6":"product_cat-fihp","7":"product_tag-3-in-1-dampf","8":"product_tag-90-000-zuge-verdampfen","9":"product_tag-90k-einweg-vaporizer","10":"product_tag-dual-mesh-coil-dampf","11":"product_tag-einweg-vaporizer-mit-led-bildschirm","12":"product_tag-fihp-90000","13":"product_tag-gro-handelslieferant-fur-e-zigaretten","14":"product_tag-massen-einweg-vaporizer","15":"product_tag-vape-mit-drei-geschmacksrichtungen","16":"product_tag-wiederaufladbarer-einweg-vaporizer","18":"first","19":"instock","20":"shipping-taxable","21":"purchasable","22":"product-type-variable","23":"has-default-attributes"},"jetpack_sharing_enabled":true,"tiered_pricing_type":"fixed","tiered_pricing_fixed_rules":{"30":9.589999999999999857891452847979962825775146484375,"50":7.910000000000000142108547152020037174224853515625,"100":7.38999999999999968025576890795491635799407958984375,"200":6.7400000000000002131628207280300557613372802734375,"400":6.21999999999999975131004248396493494510650634765625},"tiered_pricing_product_settings":{"layout":"default","base_unit_name":{"singular":null,"plural":null},"default_variation":null},"tiered_pricing_minimum_quantity":10,"tiered_pricing_roles_data":[],"tiered_pricing_percentage_rules":[],"tiered_pricing_maximum_quantity":null,"tiered_pricing_quantity_step":"10","_links":{"self":[{"href":"https:\/\/ricovape.com\/de\/wp-json\/wp\/v2\/product\/11262","targetHints":{"allow":["GET"]}}],"collection":[{"href":"https:\/\/ricovape.com\/de\/wp-json\/wp\/v2\/product"}],"about":[{"href":"https:\/\/ricovape.com\/de\/wp-json\/wp\/v2\/types\/product"}],"replies":[{"embeddable":true,"href":"https:\/\/ricovape.com\/de\/wp-json\/wp\/v2\/comments?post=11262"}],"wp:featuredmedia":[{"embeddable":true,"href":"https:\/\/ricovape.com\/de\/wp-json\/wp\/v2\/media\/7020"}],"wp:attachment":[{"href":"https:\/\/ricovape.com\/de\/wp-json\/wp\/v2\/media?parent=11262"}],"wp:term":[{"taxonomy":"product_brand","embeddable":true,"href":"https:\/\/ricovape.com\/de\/wp-json\/wp\/v2\/product_brand?post=11262"},{"taxonomy":"product_cat","embeddable":true,"href":"https:\/\/ricovape.com\/de\/wp-json\/wp\/v2\/product_cat?post=11262"},{"taxonomy":"product_tag","embeddable":true,"href":"https:\/\/ricovape.com\/de\/wp-json\/wp\/v2\/product_tag?post=11262"}],"curies":[{"name":"wp","href":"https:\/\/api.w.org\/{rel}","templated":true}]}}