{"id":10701,"date":"2026-03-12T04:24:35","date_gmt":"2026-03-12T04:24:35","guid":{"rendered":"https:\/\/stage.jrfer.com\/product\/bang-king-200k-8-in-1-200-000-zuge-quad-tank-8-geschmacksrichtungen-groses-fassungsvermogen-massen-einweg-vaporizer\/"},"modified":"2026-04-07T08:30:46","modified_gmt":"2026-04-07T08:30:46","slug":"bang-king-200k-8-in-1-200000-puffs-quad-tank-8-flavor-high-capacity-bulk-disposable-vape","status":"publish","type":"product","link":"https:\/\/ricovape.com\/de\/produkt\/bang-king-200k-8-in-1-200000-puffs-quad-tank-8-flavor-high-capacity-bulk-disposable-vape\/","title":{"rendered":"Bang King 200K | 8-in-1, 200.000 Z\u00fcge, Quad-Tank, 8 Geschmacksrichtungen, gro\u00dfes Fassungsverm\u00f6gen, Massen-Einweg-Vaporizer"},"content":{"rendered":"<h2>Bang King 200K | 8-in-1 200.000 Z\u00fcge, Quad-Coil-Einweg-Vaporizer mit Megakapazit\u00e4t<\/h2>\n<h3>\ud83d\udd25 Bang King 200K 8-in-1-Einweg-Vaporizer \u2013 gewaltige Z\u00fcge, gewaltige Aromen<\/h3>\n<p>Der <strong>Bang King 200K 8-in-1-Einweg-Vaporizer<\/strong> ist f\u00fcr ernsthafte Leistung konzipiert. Mit einer unglaublichen Kapazit\u00e4t von <strong>200.000 Z\u00fcgen<\/strong>, vier 16-ml-E-Liquid-Tanks und 1,0-\u03a9-Spulen ist dieses Ger\u00e4t f\u00fcr lang anhaltenden Geschmack und starke Dampfproduktion konzipiert. \ud83d\udca8<\/p>\n<p>Ganz gleich, ob Sie Besitzer eines E-Zigarettenladens, H\u00e4ndlers oder Vielnutzer sind, der eine l\u00e4ngere Dampfdauer w\u00fcnscht, der Bang King 200K bietet Leistung, Geschmacksvielfalt und ein hervorragendes Preis-Leistungs-Verh\u00e4ltnis in einem Premium-Ger\u00e4t.<\/p>\n<h3>\u2705 Warum Bang King 200K w\u00e4hlen?<\/h3>\n<ul>\n<li>\ud83d\udd25 Bis zu 200.000 Z\u00fcge \u2013 Einweg-Vaporizer mit extrem hoher Kapazit\u00e4t f\u00fcr den Langzeitgebrauch<\/li>\n<li>\ud83c\udfaf 8-in-1-Geschmacksumschaltung \u2013 Mehrere Geschmackskombinationen in einem Ger\u00e4t<\/li>\n<li>\ud83d\udca7 16 ml x 4 E-Liquid-Tanks \u2013 Insgesamt 64 ml riesige Saftkapazit\u00e4t<\/li>\n<li>\u26a1 Integrierter 650-mAh-Akku \u2013 Stabile Leistung und reibungslose Leistung<\/li>\n<li>\ud83c\udf00 1,0 \u03a9 Quad-Coil-System \u2013 Kr\u00e4ftiger Geschmack, sanfter Throat-Hit<\/li>\n<li>\ud83d\udce6 Massenfreundliche Verpackung \u2013 Entwickelt f\u00fcr den Gro\u00dfhandel und Vertrieb<\/li>\n<li>\ud83d\udcbc Hohe Gewinnspanne \u2013 Ideal f\u00fcr Vape-H\u00e4ndler und B2B-K\u00e4ufer<\/li>\n<\/ul>\n<h3>\ud83d\udcca Spezifikationen des Bang King 200K<\/h3>\n<tbody>\n<tr>\n<td><strong>Puffanzahl<\/strong><\/td>\n<td>Bis zu 200.000 Z\u00fcge<\/td>\n<\/tr>\n<tr>\n<td><strong>E-Liquid-Kapazit\u00e4t<\/strong><\/td>\n<td>16 ml x 4 (insgesamt 64 ml)<\/td>\n<\/tr>\n<tr>\n<td><strong>Batterie<\/strong><\/td>\n<td>Eingebauter 650-mAh-Akku<\/td>\n<\/tr>\n<tr>\n<td><strong>Spulenwiderstand<\/strong><\/td>\n<td>1,0 \u03a9 x 4<\/td>\n<\/tr>\n<tr>\n<td><strong>Ger\u00e4tegewicht<\/strong><\/td>\n<td>150g (einzelne Einheit)<\/td>\n<\/tr>\n<tr>\n<td><strong>Boxgr\u00f6\u00dfe (6 St\u00fcck)<\/strong><\/td>\n<td>137 \u00d7 91 \u00d7 127,5 mm<\/td>\n<\/tr>\n<tr>\n<td><strong>Kartongr\u00f6\u00dfe<\/strong><\/td>\n<td>57 \u00d7 48 \u00d7 15 cm<\/td>\n<\/tr>\n<tr>\n<td><strong>Kartongewicht<\/strong><\/td>\n<td>120 St\u00fcck \/ 20 kg<\/td>\n<\/tr>\n<\/tbody>\n<\/table>\n<h3>\ud83c\udf53 Geschmackskombinationen \u2013 8-in-1-Geschmackserlebnis<\/h3>\n<p><strong>Blaues Razz-Eis \/ Pfirsicheis \/ Traubeneis \/ Mango-Eis<\/strong> \u2013 K\u00fchle Fruchtmischung mit erfrischendem Eis-Finish \u2744\ufe0f<\/p>\n<p><strong>Pfirsich-Mango-Wassermelone \/ Red Bull \/ Erdbeer-Red Bull \/ Erdbeer-Kiwi<\/strong> \u2013 S\u00fc\u00dfer Energy-Drink-Stil mit tropischen Fr\u00fcchten \u26a1<\/p>\n<p><strong>Erdbeer-Mango \/ Erdbeereis \/ Bananeneis \/ Erdbeer-Litschi<\/strong> \u2013 Cremige und fruchtige Dessertkollektion \ud83c\udf68<\/p>\n<p><strong>Doppelter Apfel \/ Mango-Pfirsich \/ Erdbeer-Wassermelone \/ Erdbeer-Vanille-Cola<\/strong> \u2013 Klassische Fr\u00fcchte mit Limonaden-Touch \ud83e\udd64<\/p>\n<p><strong>Schwarzes Dracheneis \/ Liebe 66 \/ Herr Blau \/ Erdbeerlimonade<\/strong> \u2013 Premium-Mischung aus Beeren und Zitrusfr\u00fcchten \ud83c\udf4b<\/p>\n<p><strong>Kiwi-Passionsfrucht-Guave \/ Gummib\u00e4rchen \/ Regenbogenbonbons \/ Zuckerwatte<\/strong> \u2013 Exotische S\u00fc\u00dfe im Bonbon-Stil \ud83c\udf6c<\/p>\n<p><strong>Wassermeloneneis \/ Zitrone &amp; Minze \/ Erdbeereis \/ Blaue Razz-Kirsche<\/strong> \u2013 Frische und k\u00fchlende Geschmacksrichtungen f\u00fcr den ganzen Tag \ud83c\udf3f<\/p>\n<p><strong>Dreifache Beere \/ Tropische Frucht \/ Erdbeerbanane \/ Rosa Limonade<\/strong> \u2013 Ausgewogene s\u00fc\u00df-saure Fruchtmischung \ud83c\udf53<\/p>\n<p><strong>Dreifache Melone \/ Blaubeereis \/ Kirschbombe \/ Ananas-Kokosnuss<\/strong> \u2013 Kr\u00e4ftige tropische und beerige Fusion \ud83c\udf34<\/p>\n<p><strong>Wassermelonen-Kaugummi \/ Blaubeeren-Himbeeren \/ Himbeer-Wassermelone \/ Wassermelonen-Blaubeere<\/strong> \u2013 S\u00fc\u00dfe, saftige Beerenexplosion \ud83d\udca5<\/p>\n<p><strong>K\u00fchle Minze \/ Pfirsich-Kirsche \/ Pfirsich-Beeren-Zitrone \/ Kiwi-Wassermelonen-Eis<\/strong> \u2013 Erfrischende und sanfte K\u00fchl-Hits \u2744\ufe0f<\/p>\n<p><strong>Fizzy Lemon &amp; Lime \/ Apfel-Mojito \/ Ananaseis \/ Cola-Eis<\/strong> \u2013 Prickelnde Limonade und eisige Zitrus-Kollektion \ud83e\uddca<\/p>\n<h3>\ud83d\ude80 Perfekt f\u00fcr Vielnutzer und Gro\u00dfk\u00e4ufer<\/h3>\n<p>Der Bang King 200K Einweg-Vaporizer ist ideal f\u00fcr <strong>starke Dampfer<\/strong>, die eine lang anhaltende Leistung ohne h\u00e4ufigen Austausch w\u00fcnschen. Es ist auch perfekt f\u00fcr <strong>Geschmacksj\u00e4ger<\/strong>, die gerne zwischen mehreren Geschmacksrichtungen in einem Ger\u00e4t wechseln.<\/p>\n<p>F\u00fcr <strong>Vape-Shops, H\u00e4ndler und Gro\u00dfhandelsk\u00e4ufer<\/strong> bietet dieser Einweg-Vaporizer mit hoher Kapazit\u00e4t eine starke Marktnachfrage, attraktive Margen und eine effiziente Gro\u00dfverpackung. Eine leistungsstarke Wahl zur Erweiterung Ihrer Einweg-Vape-Produktlinie.<\/p>\n<h3>\u2753 FAQ \u2013 Bang King 200K Einweg-Vaporizer<\/h3>\n<p><strong>F1: Ist der Bang King 200K wiederaufladbar?<\/strong><br \/>\nA: Das Ger\u00e4t verf\u00fcgt \u00fcber einen integrierten 650-mAh-Akku, der aufgrund seiner hohen Puffkapazit\u00e4t eine l\u00e4ngere Nutzung erm\u00f6glicht.<\/p>\n<p><strong>F2: Wie viele Geschmacksrichtungen sind in einem Ger\u00e4t enthalten?<\/strong><br \/>\nA: Jedes Ger\u00e4t verf\u00fcgt \u00fcber ein 8-in-1-Geschmackssystem, das es Benutzern erm\u00f6glicht, mehrere Geschmackskombinationen in einem Dampf zu genie\u00dfen.<\/p>\n<p><strong>F3: Ist dieses Produkt f\u00fcr Gro\u00dfhandelsbestellungen geeignet?<\/strong><br \/>\nA: Ja. Der Bang King 200K ist f\u00fcr den Gro\u00dfvertrieb verpackt, mit 120 St\u00fcck pro Karton, was ihn ideal f\u00fcr B2B-K\u00e4ufer und -H\u00e4ndler macht.<\/p>\n<p><strong>F4: F\u00fcr wen ist dieses Ger\u00e4t am besten geeignet?<\/strong><br \/>\nA: Es eignet sich f\u00fcr Vielnutzer, Langzeitdampfer, Geschmacksliebhaber, Vape-Einzelh\u00e4ndler und Gro\u00dfh\u00e4ndler, die nach Einwegger\u00e4ten mit hoher Kapazit\u00e4t suchen.<\/p>\n<p><strong>F5: Was unterscheidet ihn von herk\u00f6mmlichen Einweg-Vaporizern?<\/strong><br \/>\nA: Seine extrem hohe Zugzahl, die vier E-Liquid-Tanks und das 8-in-1-Geschmacksumschaltsystem heben ihn auf dem Markt f\u00fcr Einweg-Vaporizer mit hoher Kapazit\u00e4t hervor.<\/p>\n","protected":false},"excerpt":{"rendered":"<p>Der Bang King 200K 8-in-1-Einweg-Vaporizer liefert bis zu 200.000 Z\u00fcge mit vier 16-ml-Tanks, einem 650-mAh-Akku und 1,0-\u03a9-Mesh-Spulen. Perfekter Einweg-Vaporizer mit hoher Kapazit\u00e4t f\u00fcr H\u00e4ndler und Vielnutzer.<\/p>\n","protected":false},"featured_media":7030,"comment_status":"open","ping_status":"closed","template":"","meta":[],"product_brand":[],"product_cat":[755,345],"product_tag":[1585,1099,1583,1019,1621],"class_list":{"0":"post-10701","1":"product","2":"type-product","3":"status-publish","4":"has-post-thumbnail","6":"product_cat-100k-puffs-einweg-vaporizer","7":"product_cat-bang","8":"product_tag-200-000-einweg-vaporizer","9":"product_tag-8-in-1-einweg-vaporizer","10":"product_tag-high-puff-einweg-vaporizer","11":"product_tag-massen-einweg-vaporizer-im-gro-handel","12":"product_tag-quad-tank-vaporgerat","14":"first","15":"instock","16":"shipping-taxable","17":"purchasable","18":"product-type-variable","19":"has-default-attributes"},"jetpack_sharing_enabled":true,"tiered_pricing_type":"fixed","tiered_pricing_fixed_rules":{"30":9.589999999999999857891452847979962825775146484375,"50":8.1699999999999999289457264239899814128875732421875,"100":7.519999999999999573674358543939888477325439453125,"200":6.9900000000000002131628207280300557613372802734375,"400":6.480000000000000426325641456060111522674560546875},"tiered_pricing_product_settings":{"layout":"default","base_unit_name":{"singular":null,"plural":null},"default_variation":null},"tiered_pricing_minimum_quantity":10,"tiered_pricing_roles_data":[],"tiered_pricing_percentage_rules":[],"tiered_pricing_maximum_quantity":null,"tiered_pricing_quantity_step":"10","_links":{"self":[{"href":"https:\/\/ricovape.com\/de\/wp-json\/wp\/v2\/product\/10701","targetHints":{"allow":["GET"]}}],"collection":[{"href":"https:\/\/ricovape.com\/de\/wp-json\/wp\/v2\/product"}],"about":[{"href":"https:\/\/ricovape.com\/de\/wp-json\/wp\/v2\/types\/product"}],"replies":[{"embeddable":true,"href":"https:\/\/ricovape.com\/de\/wp-json\/wp\/v2\/comments?post=10701"}],"wp:featuredmedia":[{"embeddable":true,"href":"https:\/\/ricovape.com\/de\/wp-json\/wp\/v2\/media\/7030"}],"wp:attachment":[{"href":"https:\/\/ricovape.com\/de\/wp-json\/wp\/v2\/media?parent=10701"}],"wp:term":[{"taxonomy":"product_brand","embeddable":true,"href":"https:\/\/ricovape.com\/de\/wp-json\/wp\/v2\/product_brand?post=10701"},{"taxonomy":"product_cat","embeddable":true,"href":"https:\/\/ricovape.com\/de\/wp-json\/wp\/v2\/product_cat?post=10701"},{"taxonomy":"product_tag","embeddable":true,"href":"https:\/\/ricovape.com\/de\/wp-json\/wp\/v2\/product_tag?post=10701"}],"curies":[{"name":"wp","href":"https:\/\/api.w.org\/{rel}","templated":true}]}}